{"id":1071,"date":"2018-08-07T17:12:11","date_gmt":"2018-08-07T17:12:11","guid":{"rendered":"https:\/\/boiseriesdandurand.com\/?page_id=1071"},"modified":"2021-07-06T13:44:03","modified_gmt":"2021-07-06T13:44:03","slug":"services-offert","status":"publish","type":"page","link":"https:\/\/boiseriesdandurand.com\/index.php\/services-offert\/","title":{"rendered":"Services offert"},"content":{"rendered":"<div  class=\"fusion-fullwidth fullwidth-box nonhundred-percent-fullwidth\"  style='background-color: rgba(255,255,255,0);background-position: center center;background-repeat: no-repeat;padding-top:100px;padding-right:0px;padding-bottom:100px;padding-left:0px;margin-bottom: 120px;margin-top: 120px;'><div class=\"fusion-builder-row fusion-row \"><div  class=\"fusion-layout-column fusion_builder_column fusion_builder_column_1_1  fusion-one-full fusion-column-first fusion-column-last 1_1\"  style='margin-top:0px;margin-bottom:20px;'>\n\t\t\t<div class=\"fusion-column-wrapper\" style=\"background-position:left top;background-repeat:no-repeat;-webkit-background-size:cover;-moz-background-size:cover;-o-background-size:cover;background-size:cover;\"  data-bg-url=\"\">\n\t\t\t\t<h1 data-fontsize=\"16\" data-lineheight=\"24\"><span style=\"color: #ffffff;\"><strong>Si d\u00e9sirez, en plus de vos plans de mobiliers, un service complet en design d\u2019int\u00e9rieur est disponible pour la r\u00e9alisation de vos projets de r\u00e9novation ou de nouvelle construction, en collaboration avec Hel\u00e8ne Courval Marcil,&nbsp;designer.<\/strong><\/span><\/h1>\n<div class=\"fusion-clearfix\"><\/div>\n\n\t\t\t<\/div>\n\t\t<\/div><\/div><\/div>\n","protected":false},"excerpt":{"rendered":"","protected":false},"author":1,"featured_media":0,"parent":0,"menu_order":0,"comment_status":"closed","ping_status":"closed","template":"100-width.php","meta":{"_bbp_topic_count":0,"_bbp_reply_count":0,"_bbp_total_topic_count":0,"_bbp_total_reply_count":0,"_bbp_voice_count":0,"_bbp_anonymous_reply_count":0,"_bbp_topic_count_hidden":0,"_bbp_reply_count_hidden":0,"_bbp_forum_subforum_count":0,"ngg_post_thumbnail":0,"footnotes":""},"class_list":["post-1071","page","type-page","status-publish","hentry"],"aioseo_notices":[],"_links":{"self":[{"href":"https:\/\/boiseriesdandurand.com\/index.php\/wp-json\/wp\/v2\/pages\/1071","targetHints":{"allow":["GET"]}}],"collection":[{"href":"https:\/\/boiseriesdandurand.com\/index.php\/wp-json\/wp\/v2\/pages"}],"about":[{"href":"https:\/\/boiseriesdandurand.com\/index.php\/wp-json\/wp\/v2\/types\/page"}],"author":[{"embeddable":true,"href":"https:\/\/boiseriesdandurand.com\/index.php\/wp-json\/wp\/v2\/users\/1"}],"replies":[{"embeddable":true,"href":"https:\/\/boiseriesdandurand.com\/index.php\/wp-json\/wp\/v2\/comments?post=1071"}],"version-history":[{"count":9,"href":"https:\/\/boiseriesdandurand.com\/index.php\/wp-json\/wp\/v2\/pages\/1071\/revisions"}],"predecessor-version":[{"id":1275,"href":"https:\/\/boiseriesdandurand.com\/index.php\/wp-json\/wp\/v2\/pages\/1071\/revisions\/1275"}],"wp:attachment":[{"href":"https:\/\/boiseriesdandurand.com\/index.php\/wp-json\/wp\/v2\/media?parent=1071"}],"curies":[{"name":"wp","href":"https:\/\/api.w.org\/{rel}","templated":true}]}}