{"id":1097,"date":"2018-08-07T18:20:28","date_gmt":"2018-08-07T18:20:28","guid":{"rendered":"https:\/\/boiseriesdandurand.com\/?page_id=1097"},"modified":"2021-07-06T13:22:12","modified_gmt":"2021-07-06T13:22:12","slug":"fabrication-et-installation-par-notre-equipe","status":"publish","type":"page","link":"https:\/\/boiseriesdandurand.com\/index.php\/fabrication-et-installation-par-notre-equipe\/","title":{"rendered":"Fabrication et installation par notre \u00e9quipe"},"content":{"rendered":"<div  class=\"fusion-fullwidth fullwidth-box nonhundred-percent-fullwidth\"  style='background-color: rgba(255,255,255,0);background-position: center center;background-repeat: no-repeat;padding-top:100px;padding-right:0px;padding-bottom:100px;padding-left:0px;margin-bottom: 120px;margin-top: 75px;'><div class=\"fusion-builder-row fusion-row \"><div  class=\"fusion-layout-column fusion_builder_column fusion_builder_column_1_1  fusion-one-full fusion-column-first fusion-column-last 1_1\"  style='margin-top:0px;margin-bottom:20px;'>\n\t\t\t<div class=\"fusion-column-wrapper\" style=\"background-color:rgba(255,255,255,0.41);background-position:left top;background-repeat:no-repeat;-webkit-background-size:cover;-moz-background-size:cover;-o-background-size:cover;background-size:cover;\"  data-bg-url=\"\">\n\t\t\t\t<h1 style=\"text-align: center;\">FABRICATION ET INSTALLATION<\/h1>\n<h1><span style=\"color: #ffffff;\"><span style=\"color: #000000;\">La prochaine \u00e9tape consiste \u00e0 la r\u00e9alisation des travaux. Gr\u00e2ce \u00e0 la planification fait \u00e0 l\u2019\u00e9tape pr\u00e9c\u00e9dente, tout se d\u00e9roule facilement \u00e0 notre atelier. L\u2019installation se fait \u00e9galement par notre \u00e9quipe, qui sera c\u00e9dul\u00e9e en collaboration avec votre chantier<\/span><\/span><\/h1>\n<div class=\"fusion-clearfix\"><\/div>\n\n\t\t\t<\/div>\n\t\t<\/div><\/div><\/div>\n","protected":false},"excerpt":{"rendered":"","protected":false},"author":1,"featured_media":0,"parent":0,"menu_order":0,"comment_status":"closed","ping_status":"closed","template":"100-width.php","meta":{"_bbp_topic_count":0,"_bbp_reply_count":0,"_bbp_total_topic_count":0,"_bbp_total_reply_count":0,"_bbp_voice_count":0,"_bbp_anonymous_reply_count":0,"_bbp_topic_count_hidden":0,"_bbp_reply_count_hidden":0,"_bbp_forum_subforum_count":0,"ngg_post_thumbnail":0,"footnotes":""},"class_list":["post-1097","page","type-page","status-publish","hentry"],"aioseo_notices":[],"_links":{"self":[{"href":"https:\/\/boiseriesdandurand.com\/index.php\/wp-json\/wp\/v2\/pages\/1097","targetHints":{"allow":["GET"]}}],"collection":[{"href":"https:\/\/boiseriesdandurand.com\/index.php\/wp-json\/wp\/v2\/pages"}],"about":[{"href":"https:\/\/boiseriesdandurand.com\/index.php\/wp-json\/wp\/v2\/types\/page"}],"author":[{"embeddable":true,"href":"https:\/\/boiseriesdandurand.com\/index.php\/wp-json\/wp\/v2\/users\/1"}],"replies":[{"embeddable":true,"href":"https:\/\/boiseriesdandurand.com\/index.php\/wp-json\/wp\/v2\/comments?post=1097"}],"version-history":[{"count":15,"href":"https:\/\/boiseriesdandurand.com\/index.php\/wp-json\/wp\/v2\/pages\/1097\/revisions"}],"predecessor-version":[{"id":1260,"href":"https:\/\/boiseriesdandurand.com\/index.php\/wp-json\/wp\/v2\/pages\/1097\/revisions\/1260"}],"wp:attachment":[{"href":"https:\/\/boiseriesdandurand.com\/index.php\/wp-json\/wp\/v2\/media?parent=1097"}],"curies":[{"name":"wp","href":"https:\/\/api.w.org\/{rel}","templated":true}]}}